{"id":1064,"date":"2023-05-16T13:40:25","date_gmt":"2023-05-16T11:40:25","guid":{"rendered":"http:\/\/dev.iuvare-muenchen.de\/site-notice\/"},"modified":"2023-06-01T16:05:25","modified_gmt":"2023-06-01T14:05:25","slug":"legal-notice","status":"publish","type":"page","link":"https:\/\/iuvare-muenchen.de\/en\/legal-notice\/","title":{"rendered":"Legal Notice"},"content":{"rendered":"<p><div class=\"fusion-fullwidth fullwidth-box fusion-builder-row-1 fusion-flex-container has-pattern-background has-mask-background nonhundred-percent-fullwidth non-hundred-percent-height-scrolling\" style=\"--awb-border-radius-top-left:0px;--awb-border-radius-top-right:0px;--awb-border-radius-bottom-right:0px;--awb-border-radius-bottom-left:0px;--awb-margin-top:180px;\" ><div class=\"fusion-builder-row fusion-row fusion-flex-align-items-flex-start\" style=\"max-width:1248px;margin-left: calc(-4% \/ 2 );margin-right: calc(-4% \/ 2 );\"><div class=\"fusion-layout-column fusion_builder_column fusion-builder-column-0 fusion_builder_column_1_1 1_1 fusion-flex-column\" style=\"--awb-bg-size:cover;--awb-width-large:100%;--awb-margin-top-large:0px;--awb-spacing-right-large:1.92%;--awb-margin-bottom-large:0px;--awb-spacing-left-large:1.92%;--awb-width-medium:100%;--awb-spacing-right-medium:1.92%;--awb-spacing-left-medium:1.92%;--awb-width-small:100%;--awb-spacing-right-small:1.92%;--awb-spacing-left-small:1.92%;\"><div class=\"fusion-column-wrapper fusion-flex-justify-content-flex-start fusion-content-layout-column\"><div class=\"fusion-title title fusion-title-1 fusion-sep-none fusion-title-text fusion-title-size-two\"><h2 class=\"title-heading-left\" style=\"margin:0;\">Site Notice<\/h2><\/div><div class=\"fusion-title title fusion-title-2 fusion-sep-none fusion-title-text fusion-title-size-three\"><h3 class=\"title-heading-left\" style=\"margin:0;\"><p class=\"p1\">Information pursuant to Sect. 5 German Telemedia Act (TMG)<\/p><\/h3><\/div><div class=\"fusion-text fusion-text-1\"><p class=\"p1\">Manfred Zarnetzki<br \/>\niuvare<br \/>\nLudwigstra\u00dfe 24b<br \/>\n82140 Olching<\/p>\n<\/div><div class=\"fusion-title title fusion-title-3 fusion-sep-none fusion-title-text fusion-title-size-three\"><h3 class=\"title-heading-left\" style=\"margin:0;\">Contact<\/h3><\/div><div class=\"fusion-text fusion-text-2\"><p>Phone: +49 176 3157 4023<br \/>E-mail: kontakt@iuvare-muenchen.de<\/p>\n<\/div><div class=\"fusion-title title fusion-title-4 fusion-sep-none fusion-title-text fusion-title-size-three\"><h3 class=\"title-heading-left\" style=\"margin:0;\"><p class=\"p1\">VAT ID<\/p><\/h3><\/div><div class=\"fusion-text fusion-text-3\"><p>Sales tax identification number according to Sect. 27 a of the Sales Tax Law:<br \/>\nNo declaration according to \u00a7 19 UStG<\/p>\n<\/div><div class=\"fusion-title title fusion-title-5 fusion-sep-none fusion-title-text fusion-title-size-three\"><h3 class=\"title-heading-left\" style=\"margin:0;\"><p class=\"p1\">EU dispute resolution<\/p><\/h3><\/div><div class=\"fusion-text fusion-text-4\"><p>The European Commission provides a platform for online dispute resolution (ODR):<br \/>\nhttps:\/\/ec.europa.eu\/consumers\/odr\/.<br \/>\nOur e-mail address can be found above in the site notice.<\/p>\n<\/div><div class=\"fusion-title title fusion-title-6 fusion-sep-none fusion-title-text fusion-title-size-three\"><h3 class=\"title-heading-left\" style=\"margin:0;\">Dispute resolution proceedings in front of a consumer arbitration<br \/>\nboard<\/h3><\/div><div class=\"fusion-text fusion-text-5\"><p>We are not willing or obliged to participate in dispute resolution proceedings in front of a consumer arbitration board.<\/p>\n<\/div><\/div><\/div><\/div><\/div><div class=\"fusion-fullwidth fullwidth-box fusion-builder-row-2 fusion-flex-container has-pattern-background has-mask-background nonhundred-percent-fullwidth non-hundred-percent-height-scrolling\" style=\"--awb-border-radius-top-left:0px;--awb-border-radius-top-right:0px;--awb-border-radius-bottom-right:0px;--awb-border-radius-bottom-left:0px;--awb-margin-bottom:5%;\" ><div class=\"fusion-builder-row fusion-row fusion-flex-align-items-flex-start\" style=\"max-width:1248px;margin-left: calc(-4% \/ 2 );margin-right: calc(-4% \/ 2 );\"><div class=\"fusion-layout-column fusion_builder_column fusion-builder-column-1 fusion_builder_column_1_1 1_1 fusion-flex-column\" style=\"--awb-bg-size:cover;--awb-width-large:100%;--awb-margin-top-large:0px;--awb-spacing-right-large:1.92%;--awb-margin-bottom-large:20px;--awb-spacing-left-large:1.92%;--awb-width-medium:100%;--awb-order-medium:0;--awb-spacing-right-medium:1.92%;--awb-spacing-left-medium:1.92%;--awb-width-small:100%;--awb-order-small:0;--awb-spacing-right-small:1.92%;--awb-spacing-left-small:1.92%;\"><div class=\"fusion-column-wrapper fusion-column-has-shadow fusion-flex-justify-content-flex-start fusion-content-layout-column\"><div class=\"fusion-text fusion-text-6\"><p>&#8212;<\/p>\n<p><strong>Image Credits<\/strong><\/p>\n<p>START<\/p>\n<ul>\n<li>De Visu@Adobe Stock<\/li>\n<li>Studio Romantic@Adobe Stock<\/li>\n<li>Alvov@Adobe Stock<\/li>\n<li>Ratirath@Adobe Stock<\/li>\n<li>Pyroll@Adobe Stock<\/li>\n<\/ul>\n<p>COACHING<\/p>\n<ul>\n<li>Andrew Bayda@Adobe Stock<\/li>\n<li>Jack Metthey@Adobe Stock<\/li>\n<\/ul>\n<p>ABOUT iuvare<\/p>\n<ul>\n<li>danfador@pixabay<\/li>\n<\/ul>\n<p>CONTACT<\/p>\n<ul>\n<li>Ylanite@pixabay<\/li>\n<\/ul>\n<p>BLOG<\/p>\n<ul>\n<li>R. Gino Santa Maria@Adobe Stock<\/li>\n<\/ul>\n<p>GLOBAL<\/p>\n<ul>\n<li>\n<p data-pm-slice=\"1 1 &#091;&#093;\">Marker Line: von tartila@Freepik<\/p>\n<\/li>\n<li>Footer: \uac15\ucd98\uc131@Pixabay<\/li>\n<\/ul>\n<\/div><div class=\"fusion-separator fusion-full-width-sep\" style=\"align-self: center;margin-left: auto;margin-right: auto;margin-top:5%;width:100%;\"><\/div><div class=\"fusion-text fusion-text-7\"><p><strong>Web Concept, Design and Development:<\/strong> <a href=\"https:\/\/diekonzeptin.de\" target=\"_blank\" rel=\"noopener\">die.konzeptin<\/a><\/p>\n<\/div><\/div><\/div><\/div><\/div><\/p>\n","protected":false},"excerpt":{"rendered":"","protected":false},"author":1,"featured_media":0,"parent":0,"menu_order":0,"comment_status":"closed","ping_status":"closed","template":"100-width.php","meta":{"footnotes":""},"class_list":["post-1064","page","type-page","status-publish","hentry"],"yoast_head":"<!-- This site is optimized with the Yoast SEO plugin v20.9 - https:\/\/yoast.com\/wordpress\/plugins\/seo\/ -->\n<title>Legal Notice | iuvare M\u00fcnchen<\/title>\n<meta name=\"robots\" content=\"index, follow, max-snippet:-1, max-image-preview:large, max-video-preview:-1\" \/>\n<link rel=\"canonical\" href=\"https:\/\/iuvare-muenchen.de\/en\/legal-notice\/\" \/>\n<meta property=\"og:locale\" content=\"en_US\" \/>\n<meta property=\"og:type\" content=\"article\" \/>\n<meta property=\"og:title\" content=\"Legal Notice | iuvare M\u00fcnchen\" \/>\n<meta property=\"og:url\" content=\"https:\/\/iuvare-muenchen.de\/en\/legal-notice\/\" \/>\n<meta property=\"og:site_name\" content=\"iuvare M\u00fcnchen\" \/>\n<meta property=\"article:modified_time\" content=\"2023-06-01T14:05:25+00:00\" \/>\n<meta name=\"twitter:card\" content=\"summary_large_image\" \/>\n<meta name=\"twitter:label1\" content=\"Est. reading time\" \/>\n\t<meta name=\"twitter:data1\" content=\"8 minutes\" \/>\n<script type=\"application\/ld+json\" class=\"yoast-schema-graph\">{\"@context\":\"https:\/\/schema.org\",\"@graph\":[{\"@type\":\"WebPage\",\"@id\":\"https:\/\/iuvare-muenchen.de\/en\/legal-notice\/\",\"url\":\"https:\/\/iuvare-muenchen.de\/en\/legal-notice\/\",\"name\":\"Legal Notice | iuvare M\u00fcnchen\",\"isPartOf\":{\"@id\":\"https:\/\/iuvare-muenchen.de\/en\/#website\"},\"datePublished\":\"2023-05-16T11:40:25+00:00\",\"dateModified\":\"2023-06-01T14:05:25+00:00\",\"breadcrumb\":{\"@id\":\"https:\/\/iuvare-muenchen.de\/en\/legal-notice\/#breadcrumb\"},\"inLanguage\":\"en-US\",\"potentialAction\":[{\"@type\":\"ReadAction\",\"target\":[\"https:\/\/iuvare-muenchen.de\/en\/legal-notice\/\"]}]},{\"@type\":\"BreadcrumbList\",\"@id\":\"https:\/\/iuvare-muenchen.de\/en\/legal-notice\/#breadcrumb\",\"itemListElement\":[{\"@type\":\"ListItem\",\"position\":1,\"name\":\"Startseite\",\"item\":\"https:\/\/iuvare-muenchen.de\/en\/\"},{\"@type\":\"ListItem\",\"position\":2,\"name\":\"Legal Notice\"}]},{\"@type\":\"WebSite\",\"@id\":\"https:\/\/iuvare-muenchen.de\/en\/#website\",\"url\":\"https:\/\/iuvare-muenchen.de\/en\/\",\"name\":\"iuvare M\u00fcnchen\",\"description\":\"F\u00fchren durch Ver\u00e4nderungen\",\"publisher\":{\"@id\":\"https:\/\/iuvare-muenchen.de\/en\/#\/schema\/person\/3c7f9a23ac363fa131a5704cf6df32b3\"},\"potentialAction\":[{\"@type\":\"SearchAction\",\"target\":{\"@type\":\"EntryPoint\",\"urlTemplate\":\"https:\/\/iuvare-muenchen.de\/en\/?s={search_term_string}\"},\"query-input\":\"required name=search_term_string\"}],\"inLanguage\":\"en-US\"},{\"@type\":[\"Person\",\"Organization\"],\"@id\":\"https:\/\/iuvare-muenchen.de\/en\/#\/schema\/person\/3c7f9a23ac363fa131a5704cf6df32b3\",\"name\":\"Manfred Zarnetzki\",\"image\":{\"@type\":\"ImageObject\",\"inLanguage\":\"en-US\",\"@id\":\"https:\/\/iuvare-muenchen.de\/en\/#\/schema\/person\/image\/\",\"url\":\"https:\/\/secure.gravatar.com\/avatar\/f33e1c190c8c070b7a1468e1c9be49c2d7eef595b7b76876cf2e6388791bfe31?s=96&d=mm&r=g\",\"contentUrl\":\"https:\/\/secure.gravatar.com\/avatar\/f33e1c190c8c070b7a1468e1c9be49c2d7eef595b7b76876cf2e6388791bfe31?s=96&d=mm&r=g\",\"caption\":\"Manfred Zarnetzki\"},\"logo\":{\"@id\":\"https:\/\/iuvare-muenchen.de\/en\/#\/schema\/person\/image\/\"}}]}<\/script>\n<!-- \/ Yoast SEO plugin. -->","yoast_head_json":{"title":"Legal Notice | iuvare M\u00fcnchen","robots":{"index":"index","follow":"follow","max-snippet":"max-snippet:-1","max-image-preview":"max-image-preview:large","max-video-preview":"max-video-preview:-1"},"canonical":"https:\/\/iuvare-muenchen.de\/en\/legal-notice\/","og_locale":"en_US","og_type":"article","og_title":"Legal Notice | iuvare M\u00fcnchen","og_url":"https:\/\/iuvare-muenchen.de\/en\/legal-notice\/","og_site_name":"iuvare M\u00fcnchen","article_modified_time":"2023-06-01T14:05:25+00:00","twitter_card":"summary_large_image","twitter_misc":{"Est. reading time":"8 minutes"},"schema":{"@context":"https:\/\/schema.org","@graph":[{"@type":"WebPage","@id":"https:\/\/iuvare-muenchen.de\/en\/legal-notice\/","url":"https:\/\/iuvare-muenchen.de\/en\/legal-notice\/","name":"Legal Notice | iuvare M\u00fcnchen","isPartOf":{"@id":"https:\/\/iuvare-muenchen.de\/en\/#website"},"datePublished":"2023-05-16T11:40:25+00:00","dateModified":"2023-06-01T14:05:25+00:00","breadcrumb":{"@id":"https:\/\/iuvare-muenchen.de\/en\/legal-notice\/#breadcrumb"},"inLanguage":"en-US","potentialAction":[{"@type":"ReadAction","target":["https:\/\/iuvare-muenchen.de\/en\/legal-notice\/"]}]},{"@type":"BreadcrumbList","@id":"https:\/\/iuvare-muenchen.de\/en\/legal-notice\/#breadcrumb","itemListElement":[{"@type":"ListItem","position":1,"name":"Startseite","item":"https:\/\/iuvare-muenchen.de\/en\/"},{"@type":"ListItem","position":2,"name":"Legal Notice"}]},{"@type":"WebSite","@id":"https:\/\/iuvare-muenchen.de\/en\/#website","url":"https:\/\/iuvare-muenchen.de\/en\/","name":"iuvare M\u00fcnchen","description":"F\u00fchren durch Ver\u00e4nderungen","publisher":{"@id":"https:\/\/iuvare-muenchen.de\/en\/#\/schema\/person\/3c7f9a23ac363fa131a5704cf6df32b3"},"potentialAction":[{"@type":"SearchAction","target":{"@type":"EntryPoint","urlTemplate":"https:\/\/iuvare-muenchen.de\/en\/?s={search_term_string}"},"query-input":"required name=search_term_string"}],"inLanguage":"en-US"},{"@type":["Person","Organization"],"@id":"https:\/\/iuvare-muenchen.de\/en\/#\/schema\/person\/3c7f9a23ac363fa131a5704cf6df32b3","name":"Manfred Zarnetzki","image":{"@type":"ImageObject","inLanguage":"en-US","@id":"https:\/\/iuvare-muenchen.de\/en\/#\/schema\/person\/image\/","url":"https:\/\/secure.gravatar.com\/avatar\/f33e1c190c8c070b7a1468e1c9be49c2d7eef595b7b76876cf2e6388791bfe31?s=96&d=mm&r=g","contentUrl":"https:\/\/secure.gravatar.com\/avatar\/f33e1c190c8c070b7a1468e1c9be49c2d7eef595b7b76876cf2e6388791bfe31?s=96&d=mm&r=g","caption":"Manfred Zarnetzki"},"logo":{"@id":"https:\/\/iuvare-muenchen.de\/en\/#\/schema\/person\/image\/"}}]}},"_links":{"self":[{"href":"https:\/\/iuvare-muenchen.de\/en\/wp-json\/wp\/v2\/pages\/1064","targetHints":{"allow":["GET"]}}],"collection":[{"href":"https:\/\/iuvare-muenchen.de\/en\/wp-json\/wp\/v2\/pages"}],"about":[{"href":"https:\/\/iuvare-muenchen.de\/en\/wp-json\/wp\/v2\/types\/page"}],"author":[{"embeddable":true,"href":"https:\/\/iuvare-muenchen.de\/en\/wp-json\/wp\/v2\/users\/1"}],"replies":[{"embeddable":true,"href":"https:\/\/iuvare-muenchen.de\/en\/wp-json\/wp\/v2\/comments?post=1064"}],"version-history":[{"count":10,"href":"https:\/\/iuvare-muenchen.de\/en\/wp-json\/wp\/v2\/pages\/1064\/revisions"}],"predecessor-version":[{"id":1223,"href":"https:\/\/iuvare-muenchen.de\/en\/wp-json\/wp\/v2\/pages\/1064\/revisions\/1223"}],"wp:attachment":[{"href":"https:\/\/iuvare-muenchen.de\/en\/wp-json\/wp\/v2\/media?parent=1064"}],"curies":[{"name":"wp","href":"https:\/\/api.w.org\/{rel}","templated":true}]}}