{"id":1049,"date":"2023-04-25T11:18:12","date_gmt":"2023-04-25T09:18:12","guid":{"rendered":"http:\/\/dev.iuvare-muenchen.de\/about-iuvare\/"},"modified":"2024-02-26T13:03:35","modified_gmt":"2024-02-26T12:03:35","slug":"about-iuvare","status":"publish","type":"page","link":"https:\/\/iuvare-muenchen.de\/en\/about-iuvare\/","title":{"rendered":"About iuvare"},"content":{"rendered":"<p><div class=\"fusion-fullwidth fullwidth-box fusion-builder-row-1 fusion-flex-container has-pattern-background has-mask-background fusion-parallax-none nonhundred-percent-fullwidth non-hundred-percent-height-scrolling\" style=\"--awb-background-blend-mode:darken;--awb-border-radius-top-left:0px;--awb-border-radius-top-right:0px;--awb-border-radius-bottom-right:0px;--awb-border-radius-bottom-left:0px;--awb-padding-top:200px;--awb-padding-bottom:200px;--awb-background-color:rgba(17,34,78,0.26);--awb-background-image:url(&quot;https:\/\/iuvare-muenchen.de\/wp-content\/uploads\/2023\/04\/mountains-g4f0cf616c_1280.jpg&quot;);--awb-background-size:cover;\" ><div class=\"fusion-builder-row fusion-row fusion-flex-align-items-flex-start\" style=\"max-width:1248px;margin-left: calc(-4% \/ 2 );margin-right: calc(-4% \/ 2 );\"><\/div><\/div><div class=\"fusion-fullwidth fullwidth-box fusion-builder-row-2 fusion-flex-container has-pattern-background has-mask-background nonhundred-percent-fullwidth non-hundred-percent-height-scrolling\" style=\"--awb-border-radius-top-left:0px;--awb-border-radius-top-right:0px;--awb-border-radius-bottom-right:0px;--awb-border-radius-bottom-left:0px;--awb-padding-right:15%;--awb-padding-left:15%;--awb-padding-right-small:37.5938px;--awb-padding-left-small:37.5938px;--awb-margin-top:5%;\" ><div class=\"fusion-builder-row fusion-row fusion-flex-align-items-flex-start\" style=\"max-width:1248px;margin-left: calc(-4% \/ 2 );margin-right: calc(-4% \/ 2 );\"><div class=\"fusion-layout-column fusion_builder_column fusion-builder-column-0 fusion_builder_column_1_3 1_3 fusion-flex-column\" style=\"--awb-padding-left-small:0px;--awb-bg-size:cover;--awb-width-large:33.3333333333%;--awb-margin-top-large:0px;--awb-spacing-right-large:5.76%;--awb-margin-bottom-large:20px;--awb-spacing-left-large:5.76%;--awb-width-medium:33.3333333333%;--awb-order-medium:0;--awb-spacing-right-medium:5.76%;--awb-spacing-left-medium:5.76%;--awb-width-small:100%;--awb-order-small:0;--awb-spacing-right-small:6.72%;--awb-spacing-left-small:6.72%;\"><div class=\"fusion-column-wrapper fusion-column-has-shadow fusion-flex-justify-content-flex-start fusion-content-layout-column\"><div class=\"fusion-separator fusion-full-width-sep\" style=\"align-self: center;margin-left: auto;margin-right: auto;margin-top:10%;width:100%;\"><\/div><div class=\"fusion-image-element \" style=\"--awb-caption-title-font-family:var(--h2_typography-font-family);--awb-caption-title-font-weight:var(--h2_typography-font-weight);--awb-caption-title-font-style:var(--h2_typography-font-style);--awb-caption-title-size:var(--h2_typography-font-size);--awb-caption-title-transform:var(--h2_typography-text-transform);--awb-caption-title-line-height:var(--h2_typography-line-height);--awb-caption-title-letter-spacing:var(--h2_typography-letter-spacing);\"><span class=\" fusion-imageframe imageframe-none imageframe-1 hover-type-none\" class=\"image-magnify\" class=\"image-scroll\"><img decoding=\"async\" width=\"132\" height=\"300\" title=\"230927_seitlich stehend\" src=\"https:\/\/iuvare-muenchen.de\/wp-content\/uploads\/2023\/09\/230927_seitlich-stehend-132x300.jpg\" alt class=\"img-responsive wp-image-1317\" srcset=\"https:\/\/iuvare-muenchen.de\/wp-content\/uploads\/2023\/09\/230927_seitlich-stehend-200x455.jpg 200w, https:\/\/iuvare-muenchen.de\/wp-content\/uploads\/2023\/09\/230927_seitlich-stehend-400x910.jpg 400w, https:\/\/iuvare-muenchen.de\/wp-content\/uploads\/2023\/09\/230927_seitlich-stehend-600x1365.jpg 600w, https:\/\/iuvare-muenchen.de\/wp-content\/uploads\/2023\/09\/230927_seitlich-stehend-800x1820.jpg 800w, https:\/\/iuvare-muenchen.de\/wp-content\/uploads\/2023\/09\/230927_seitlich-stehend.jpg 998w\" sizes=\"(max-width: 640px) 100vw, 400px\" \/><\/span><\/div><\/div><\/div><div class=\"fusion-layout-column fusion_builder_column fusion-builder-column-1 fusion_builder_column_2_3 2_3 fusion-flex-column\" style=\"--awb-padding-left-small:0px;--awb-bg-color:var(--awb-color1);--awb-bg-color-hover:var(--awb-color1);--awb-bg-size:cover;--awb-width-large:66.6666666667%;--awb-margin-top-large:0px;--awb-spacing-right-large:2.88%;--awb-margin-bottom-large:20px;--awb-spacing-left-large:2.88%;--awb-width-medium:66.6666666667%;--awb-order-medium:0;--awb-spacing-right-medium:2.88%;--awb-spacing-left-medium:2.88%;--awb-width-small:100%;--awb-order-small:0;--awb-spacing-right-small:1.92%;--awb-spacing-left-small:1.92%;\"><div class=\"fusion-column-wrapper fusion-column-has-shadow fusion-flex-justify-content-flex-start fusion-content-layout-column\"><div class=\"fusion-title title fusion-title-1 fusion-sep-none fusion-title-text fusion-title-size-two overlapping-headline\" style=\"--awb-margin-bottom:-2%;--awb-sep-color:var(--awb-color2);\"><h2 class=\"title-heading-left\" style=\"margin:0;\">About iuvare<\/h2><\/div><div class=\"fusion-image-element \" style=\"text-align:left;--awb-margin-bottom:1%;--awb-max-width:170px;--awb-caption-title-font-family:var(--h2_typography-font-family);--awb-caption-title-font-weight:var(--h2_typography-font-weight);--awb-caption-title-font-style:var(--h2_typography-font-style);--awb-caption-title-size:var(--h2_typography-font-size);--awb-caption-title-transform:var(--h2_typography-text-transform);--awb-caption-title-line-height:var(--h2_typography-line-height);--awb-caption-title-letter-spacing:var(--h2_typography-letter-spacing);--awb-filter:opacity(80%);--awb-filter-transition:filter 0.3s ease;--awb-filter-hover:opacity(100%);\"><span class=\" fusion-imageframe imageframe-none imageframe-2 hover-type-none\" class=\"image-magnify\" class=\"image-scroll\"><img decoding=\"async\" width=\"500\" height=\"27\" title=\"marker-line-orange_500px\" src=\"https:\/\/iuvare-muenchen.de\/wp-content\/uploads\/2023\/03\/marker-line-orange_500px.png\" alt class=\"img-responsive wp-image-986\" srcset=\"https:\/\/iuvare-muenchen.de\/wp-content\/uploads\/2023\/03\/marker-line-orange_500px-200x11.png 200w, https:\/\/iuvare-muenchen.de\/wp-content\/uploads\/2023\/03\/marker-line-orange_500px-400x22.png 400w, https:\/\/iuvare-muenchen.de\/wp-content\/uploads\/2023\/03\/marker-line-orange_500px.png 500w\" sizes=\"(max-width: 640px) 100vw, 500px\" \/><\/span><\/div><div class=\"fusion-separator fusion-full-width-sep\" style=\"align-self: center;margin-left: auto;margin-right: auto;margin-top:3%;width:100%;\"><\/div><div class=\"fusion-text fusion-text-1\" style=\"--awb-text-transform:uppercase;--awb-text-color:var(--awb-color2);--awb-text-font-family:&quot;Rubik&quot;;--awb-text-font-style:normal;--awb-text-font-weight:400;\"><p>MANFRED ZARNETZKI HAS A TRACK RECORD OF MORE THAN 25 YEARS OF PROFESSIONAL EXPERIENCE IN THE MANAGEMENT OF COMPANIES.<\/p>\n<\/div><div class=\"fusion-text fusion-text-2\"><p>Following his studies in industrial management, empirical research and organizational psychology at the Ludwig Maximilians University Munich, his international career has taken him to well-known companies, from the family-run German Mittelstand to international listed corporations with German and American backgrounds.<\/p>\n<p>Manfred took over tasks in <strong>corporate management, financing, controlling, M&amp;A, restructuring and integration projects up to the management of operative units<\/strong> in Germany and abroad.<\/p>\n<p>His successes in situations that can be described as &#8220;messy&#8221;, &#8220;complicated&#8221;, or &#8220;dead-end&#8221; and where conventional approaches did not lead to the desired goal, as well as the desire to learn more about people &#8211; centered approaches in change situations have led him to expand his personal wealth of experience with an Executive MBA for Coaching and Consulting in Change (EMC, INSEAD, Fontainebleau).<\/p>\n<p>The conviction that desired changes in individuals, groups and organizations can only be permanently established through involving these very people in the change process led him to found &#8220;iuvare&#8221;.<\/p>\n<p><strong>A typical &#8220;iuvare project&#8221;<\/strong> thus incorporates equal parts of a sound business background and knowledge of psychodynamic processes into the solution finding process. This enables comprehensive, best possible support &#8220;on the next level&#8221;.<\/p>\n<\/div><div class=\"fusion-text fusion-text-3\"><p>Here he contributes his profound business background and personal experience in the entrepreneurial environment.<\/p>\n<\/div><\/div><\/div><\/div><\/div><div class=\"fusion-fullwidth fullwidth-box fusion-builder-row-3 fusion-flex-container has-pattern-background has-mask-background hundred-percent-fullwidth non-hundred-percent-height-scrolling\" style=\"--awb-border-radius-top-left:0px;--awb-border-radius-top-right:0px;--awb-border-radius-bottom-right:0px;--awb-border-radius-bottom-left:0px;--awb-padding-right-small:0px;--awb-padding-left-small:0px;--awb-margin-top:3%;--awb-margin-bottom:5%;\" ><div class=\"fusion-builder-row fusion-row fusion-flex-align-items-flex-start\" style=\"width:calc( 100% + 2px ) !important;max-width:calc( 100% + 2px ) !important;margin-left: calc(-2px \/ 2 );margin-right: calc(-2px \/ 2 );\"><div class=\"fusion-layout-column fusion_builder_column fusion-builder-column-2 fusion_builder_column_1_2 1_2 fusion-flex-column fusion-flex-align-self-stretch\" style=\"--awb-padding-top:7%;--awb-padding-right:7%;--awb-padding-bottom:7%;--awb-padding-left:7%;--awb-bg-color:var(--awb-color6);--awb-bg-color-hover:var(--awb-color6);--awb-bg-size:cover;--awb-border-color:var(--awb-color2);--awb-border-style:solid;--awb-width-large:50%;--awb-margin-top-large:0px;--awb-spacing-right-large:calc( 0.02 * calc( 100% - 2px ) );--awb-margin-bottom-large:0px;--awb-spacing-left-large:0;--awb-width-medium:50%;--awb-order-medium:0;--awb-spacing-right-medium:calc( 0.02 * calc( 100% - 2px ) );--awb-spacing-left-medium:0;--awb-width-small:100%;--awb-order-small:0;--awb-spacing-right-small:1px;--awb-spacing-left-small:1px;\"><div class=\"fusion-column-wrapper fusion-column-has-shadow fusion-flex-justify-content-flex-start fusion-content-layout-column\"><div class=\"fusion-title title fusion-title-2 fusion-sep-none fusion-title-text fusion-title-size-three overlapping-headline\" style=\"--awb-text-color:var(--awb-color5);--awb-sep-color:var(--awb-color2);\"><h3 class=\"title-heading-left\" style=\"margin:0;\">Management \/ Strategy Expertise<\/h3><\/div><ul style=\"--awb-iconcolor:var(--awb-color5);--awb-textcolor:var(--awb-color5);--awb-line-height:30.6px;--awb-icon-width:30.6px;--awb-icon-height:30.6px;--awb-icon-margin:12.6px;--awb-content-margin:43.2px;\" class=\"fusion-checklist fusion-checklist-1 fusion-checklist-default type-icons\"><li class=\"fusion-li-item\" style=\"\"><span class=\"icon-wrapper circle-no\"><i class=\"fusion-li-icon fa-check fas\" aria-hidden=\"true\"><\/i><\/span><div class=\"fusion-li-item-content\">Preparation (due diligence) and execution of corporate acquisitions<\/div><\/li><li class=\"fusion-li-item\" style=\"\"><span class=\"icon-wrapper circle-no\"><i class=\"fusion-li-icon fa-check fas\" aria-hidden=\"true\"><\/i><\/span><div class=\"fusion-li-item-content\">Post-merger integrations<\/div><\/li><li class=\"fusion-li-item\" style=\"\"><span class=\"icon-wrapper circle-no\"><i class=\"fusion-li-icon fa-check fas\" aria-hidden=\"true\"><\/i><\/span><div class=\"fusion-li-item-content\">\n<p>Investor search (financial and strategic investors)<\/p>\n<\/div><\/li><li class=\"fusion-li-item\" style=\"\"><span class=\"icon-wrapper circle-no\"><i class=\"fusion-li-icon fa-check fas\" aria-hidden=\"true\"><\/i><\/span><div class=\"fusion-li-item-content\">\n<p>Handling reorganization and restructuring projects<\/p>\n<\/div><\/li><li class=\"fusion-li-item\" style=\"\"><span class=\"icon-wrapper circle-no\"><i class=\"fusion-li-icon fa-check fas\" aria-hidden=\"true\"><\/i><\/span><div class=\"fusion-li-item-content\">\n<p>Steering the development of a company in the high technology R&amp;D sector (as a supervisory board member)<\/p>\n<\/div><\/li><li class=\"fusion-li-item\" style=\"\"><span class=\"icon-wrapper circle-no\"><i class=\"fusion-li-icon fa-check fas\" aria-hidden=\"true\"><\/i><\/span><div class=\"fusion-li-item-content\">\n<p>Development and implementation of turnaround projects<\/p>\n<\/div><\/li><li class=\"fusion-li-item\" style=\"\"><span class=\"icon-wrapper circle-no\"><i class=\"fusion-li-icon fa-check fas\" aria-hidden=\"true\"><\/i><\/span><div class=\"fusion-li-item-content\">\n<p>Heading the risk management of a listed company<\/p>\n<\/div><\/li><\/ul><\/div><\/div><div class=\"fusion-layout-column fusion_builder_column fusion-builder-column-3 fusion_builder_column_1_2 1_2 fusion-flex-column fusion-flex-align-self-stretch\" style=\"--awb-padding-top:7%;--awb-padding-right:7%;--awb-padding-bottom:7%;--awb-padding-left:7%;--awb-bg-color:var(--awb-color3);--awb-bg-color-hover:var(--awb-color3);--awb-bg-size:cover;--awb-width-large:50%;--awb-margin-top-large:0px;--awb-spacing-right-large:0;--awb-margin-bottom-large:0px;--awb-spacing-left-large:calc( 0.02 * calc( 100% - 2px ) );--awb-width-medium:50%;--awb-order-medium:0;--awb-spacing-right-medium:0;--awb-spacing-left-medium:calc( 0.02 * calc( 100% - 2px ) );--awb-width-small:100%;--awb-order-small:0;--awb-spacing-right-small:1px;--awb-spacing-left-small:1px;\"><div class=\"fusion-column-wrapper fusion-column-has-shadow fusion-flex-justify-content-flex-start fusion-content-layout-column\"><div class=\"fusion-title title fusion-title-3 fusion-sep-none fusion-title-text fusion-title-size-three overlapping-headline\" style=\"--awb-text-color:var(--awb-color1);--awb-sep-color:var(--awb-color2);\"><h3 class=\"title-heading-left\" style=\"margin:0;\">Operations Expertise<\/h3><\/div><ul style=\"--awb-textcolor:var(--awb-color1);--awb-line-height:30.6px;--awb-icon-width:30.6px;--awb-icon-height:30.6px;--awb-icon-margin:12.6px;--awb-content-margin:43.2px;\" class=\"fusion-checklist fusion-checklist-2 fusion-checklist-default type-icons\"><li class=\"fusion-li-item\" style=\"\"><span class=\"icon-wrapper circle-no\"><i class=\"fusion-li-icon fa-check fas\" aria-hidden=\"true\"><\/i><\/span><div class=\"fusion-li-item-content\">\n<p>Implementation of cost accounting systems (cost center accounting, product and project cost accounting, activity-based costing)<\/p>\n<\/div><\/li><li class=\"fusion-li-item\" style=\"\"><span class=\"icon-wrapper circle-no\"><i class=\"fusion-li-icon fa-check fas\" aria-hidden=\"true\"><\/i><\/span><div class=\"fusion-li-item-content\">\n<p>Establishment of holding structures and the associated information- reporting- and controlling systems<\/p>\n<\/div><\/li><li class=\"fusion-li-item\" style=\"\"><span class=\"icon-wrapper circle-no\"><i class=\"fusion-li-icon fa-check fas\" aria-hidden=\"true\"><\/i><\/span><div class=\"fusion-li-item-content\">\n<p>Budgeting, forecasting and reporting for medium-sized and listed companies<\/p>\n<\/div><\/li><li class=\"fusion-li-item\" style=\"\"><span class=\"icon-wrapper circle-no\"><i class=\"fusion-li-icon fa-check fas\" aria-hidden=\"true\"><\/i><\/span><div class=\"fusion-li-item-content\">\n<p>Establishment and implementation of profit centers and the associated information and controlling systems<\/p>\n<\/div><\/li><li class=\"fusion-li-item\" style=\"\"><span class=\"icon-wrapper circle-no\"><i class=\"fusion-li-icon fa-check fas\" aria-hidden=\"true\"><\/i><\/span><div class=\"fusion-li-item-content\">\n<p>Introduction of US GAAP accounting in German GAAP companies<\/p>\n<\/div><\/li><li class=\"fusion-li-item\" style=\"\"><span class=\"icon-wrapper circle-no\"><i class=\"fusion-li-icon fa-check fas\" aria-hidden=\"true\"><\/i><\/span><div class=\"fusion-li-item-content\">\n<p>Introduction and implementation of SOX compliance regulations and control processes company-wide<\/p>\n<\/div><\/li><li class=\"fusion-li-item\" style=\"\"><span class=\"icon-wrapper circle-no\"><i class=\"fusion-li-icon fa-check fas\" aria-hidden=\"true\"><\/i><\/span><div class=\"fusion-li-item-content\">\n<p>Execution of SOX &#8211; compliance audits (as auditor and client)<\/p>\n<\/div><\/li><li class=\"fusion-li-item\" style=\"\"><span class=\"icon-wrapper circle-no\"><i class=\"fusion-li-icon fa-check fas\" aria-hidden=\"true\"><\/i><\/span><div class=\"fusion-li-item-content\">\n<p>Responsible for monthly, quarterly and annual financial statements<\/p>\n<\/div><\/li><li class=\"fusion-li-item\" style=\"\"><span class=\"icon-wrapper circle-no\"><i class=\"fusion-li-icon fa-check fas\" aria-hidden=\"true\"><\/i><\/span><div class=\"fusion-li-item-content\">\n<p>Operational experience in HR, purchasing, logistics, as well as in the implementation, migration and update processes of IT systems<\/p>\n<\/div><\/li><\/ul><\/div><\/div><\/div><\/div><\/p>\n","protected":false},"excerpt":{"rendered":"","protected":false},"author":1,"featured_media":0,"parent":0,"menu_order":0,"comment_status":"closed","ping_status":"closed","template":"100-width.php","meta":{"footnotes":""},"class_list":["post-1049","page","type-page","status-publish","hentry"],"yoast_head":"<!-- This site is optimized with the Yoast SEO plugin v20.9 - https:\/\/yoast.com\/wordpress\/plugins\/seo\/ -->\n<title>About iuvare | iuvare M\u00fcnchen<\/title>\n<meta name=\"robots\" content=\"index, follow, max-snippet:-1, max-image-preview:large, max-video-preview:-1\" \/>\n<link rel=\"canonical\" href=\"https:\/\/iuvare-muenchen.de\/en\/about-iuvare\/\" \/>\n<meta property=\"og:locale\" content=\"en_US\" \/>\n<meta property=\"og:type\" content=\"article\" \/>\n<meta property=\"og:title\" content=\"About iuvare | iuvare M\u00fcnchen\" \/>\n<meta property=\"og:url\" content=\"https:\/\/iuvare-muenchen.de\/en\/about-iuvare\/\" \/>\n<meta property=\"og:site_name\" content=\"iuvare M\u00fcnchen\" \/>\n<meta property=\"article:modified_time\" content=\"2024-02-26T12:03:35+00:00\" \/>\n<meta name=\"twitter:card\" content=\"summary_large_image\" \/>\n<meta name=\"twitter:label1\" content=\"Est. reading time\" \/>\n\t<meta name=\"twitter:data1\" content=\"7 minutes\" \/>\n<script type=\"application\/ld+json\" class=\"yoast-schema-graph\">{\"@context\":\"https:\/\/schema.org\",\"@graph\":[{\"@type\":\"WebPage\",\"@id\":\"https:\/\/iuvare-muenchen.de\/en\/about-iuvare\/\",\"url\":\"https:\/\/iuvare-muenchen.de\/en\/about-iuvare\/\",\"name\":\"About iuvare | iuvare M\u00fcnchen\",\"isPartOf\":{\"@id\":\"https:\/\/iuvare-muenchen.de\/en\/#website\"},\"datePublished\":\"2023-04-25T09:18:12+00:00\",\"dateModified\":\"2024-02-26T12:03:35+00:00\",\"breadcrumb\":{\"@id\":\"https:\/\/iuvare-muenchen.de\/en\/about-iuvare\/#breadcrumb\"},\"inLanguage\":\"en-US\",\"potentialAction\":[{\"@type\":\"ReadAction\",\"target\":[\"https:\/\/iuvare-muenchen.de\/en\/about-iuvare\/\"]}]},{\"@type\":\"BreadcrumbList\",\"@id\":\"https:\/\/iuvare-muenchen.de\/en\/about-iuvare\/#breadcrumb\",\"itemListElement\":[{\"@type\":\"ListItem\",\"position\":1,\"name\":\"Startseite\",\"item\":\"https:\/\/iuvare-muenchen.de\/en\/\"},{\"@type\":\"ListItem\",\"position\":2,\"name\":\"About iuvare\"}]},{\"@type\":\"WebSite\",\"@id\":\"https:\/\/iuvare-muenchen.de\/en\/#website\",\"url\":\"https:\/\/iuvare-muenchen.de\/en\/\",\"name\":\"iuvare M\u00fcnchen\",\"description\":\"F\u00fchren durch Ver\u00e4nderungen\",\"publisher\":{\"@id\":\"https:\/\/iuvare-muenchen.de\/en\/#\/schema\/person\/3c7f9a23ac363fa131a5704cf6df32b3\"},\"potentialAction\":[{\"@type\":\"SearchAction\",\"target\":{\"@type\":\"EntryPoint\",\"urlTemplate\":\"https:\/\/iuvare-muenchen.de\/en\/?s={search_term_string}\"},\"query-input\":\"required name=search_term_string\"}],\"inLanguage\":\"en-US\"},{\"@type\":[\"Person\",\"Organization\"],\"@id\":\"https:\/\/iuvare-muenchen.de\/en\/#\/schema\/person\/3c7f9a23ac363fa131a5704cf6df32b3\",\"name\":\"Manfred Zarnetzki\",\"image\":{\"@type\":\"ImageObject\",\"inLanguage\":\"en-US\",\"@id\":\"https:\/\/iuvare-muenchen.de\/en\/#\/schema\/person\/image\/\",\"url\":\"https:\/\/secure.gravatar.com\/avatar\/f33e1c190c8c070b7a1468e1c9be49c2d7eef595b7b76876cf2e6388791bfe31?s=96&d=mm&r=g\",\"contentUrl\":\"https:\/\/secure.gravatar.com\/avatar\/f33e1c190c8c070b7a1468e1c9be49c2d7eef595b7b76876cf2e6388791bfe31?s=96&d=mm&r=g\",\"caption\":\"Manfred Zarnetzki\"},\"logo\":{\"@id\":\"https:\/\/iuvare-muenchen.de\/en\/#\/schema\/person\/image\/\"}}]}<\/script>\n<!-- \/ Yoast SEO plugin. -->","yoast_head_json":{"title":"About iuvare | iuvare M\u00fcnchen","robots":{"index":"index","follow":"follow","max-snippet":"max-snippet:-1","max-image-preview":"max-image-preview:large","max-video-preview":"max-video-preview:-1"},"canonical":"https:\/\/iuvare-muenchen.de\/en\/about-iuvare\/","og_locale":"en_US","og_type":"article","og_title":"About iuvare | iuvare M\u00fcnchen","og_url":"https:\/\/iuvare-muenchen.de\/en\/about-iuvare\/","og_site_name":"iuvare M\u00fcnchen","article_modified_time":"2024-02-26T12:03:35+00:00","twitter_card":"summary_large_image","twitter_misc":{"Est. reading time":"7 minutes"},"schema":{"@context":"https:\/\/schema.org","@graph":[{"@type":"WebPage","@id":"https:\/\/iuvare-muenchen.de\/en\/about-iuvare\/","url":"https:\/\/iuvare-muenchen.de\/en\/about-iuvare\/","name":"About iuvare | iuvare M\u00fcnchen","isPartOf":{"@id":"https:\/\/iuvare-muenchen.de\/en\/#website"},"datePublished":"2023-04-25T09:18:12+00:00","dateModified":"2024-02-26T12:03:35+00:00","breadcrumb":{"@id":"https:\/\/iuvare-muenchen.de\/en\/about-iuvare\/#breadcrumb"},"inLanguage":"en-US","potentialAction":[{"@type":"ReadAction","target":["https:\/\/iuvare-muenchen.de\/en\/about-iuvare\/"]}]},{"@type":"BreadcrumbList","@id":"https:\/\/iuvare-muenchen.de\/en\/about-iuvare\/#breadcrumb","itemListElement":[{"@type":"ListItem","position":1,"name":"Startseite","item":"https:\/\/iuvare-muenchen.de\/en\/"},{"@type":"ListItem","position":2,"name":"About iuvare"}]},{"@type":"WebSite","@id":"https:\/\/iuvare-muenchen.de\/en\/#website","url":"https:\/\/iuvare-muenchen.de\/en\/","name":"iuvare M\u00fcnchen","description":"F\u00fchren durch Ver\u00e4nderungen","publisher":{"@id":"https:\/\/iuvare-muenchen.de\/en\/#\/schema\/person\/3c7f9a23ac363fa131a5704cf6df32b3"},"potentialAction":[{"@type":"SearchAction","target":{"@type":"EntryPoint","urlTemplate":"https:\/\/iuvare-muenchen.de\/en\/?s={search_term_string}"},"query-input":"required name=search_term_string"}],"inLanguage":"en-US"},{"@type":["Person","Organization"],"@id":"https:\/\/iuvare-muenchen.de\/en\/#\/schema\/person\/3c7f9a23ac363fa131a5704cf6df32b3","name":"Manfred Zarnetzki","image":{"@type":"ImageObject","inLanguage":"en-US","@id":"https:\/\/iuvare-muenchen.de\/en\/#\/schema\/person\/image\/","url":"https:\/\/secure.gravatar.com\/avatar\/f33e1c190c8c070b7a1468e1c9be49c2d7eef595b7b76876cf2e6388791bfe31?s=96&d=mm&r=g","contentUrl":"https:\/\/secure.gravatar.com\/avatar\/f33e1c190c8c070b7a1468e1c9be49c2d7eef595b7b76876cf2e6388791bfe31?s=96&d=mm&r=g","caption":"Manfred Zarnetzki"},"logo":{"@id":"https:\/\/iuvare-muenchen.de\/en\/#\/schema\/person\/image\/"}}]}},"_links":{"self":[{"href":"https:\/\/iuvare-muenchen.de\/en\/wp-json\/wp\/v2\/pages\/1049","targetHints":{"allow":["GET"]}}],"collection":[{"href":"https:\/\/iuvare-muenchen.de\/en\/wp-json\/wp\/v2\/pages"}],"about":[{"href":"https:\/\/iuvare-muenchen.de\/en\/wp-json\/wp\/v2\/types\/page"}],"author":[{"embeddable":true,"href":"https:\/\/iuvare-muenchen.de\/en\/wp-json\/wp\/v2\/users\/1"}],"replies":[{"embeddable":true,"href":"https:\/\/iuvare-muenchen.de\/en\/wp-json\/wp\/v2\/comments?post=1049"}],"version-history":[{"count":10,"href":"https:\/\/iuvare-muenchen.de\/en\/wp-json\/wp\/v2\/pages\/1049\/revisions"}],"predecessor-version":[{"id":1377,"href":"https:\/\/iuvare-muenchen.de\/en\/wp-json\/wp\/v2\/pages\/1049\/revisions\/1377"}],"wp:attachment":[{"href":"https:\/\/iuvare-muenchen.de\/en\/wp-json\/wp\/v2\/media?parent=1049"}],"curies":[{"name":"wp","href":"https:\/\/api.w.org\/{rel}","templated":true}]}}