{"id":1016,"date":"2023-04-26T09:45:42","date_gmt":"2023-04-26T07:45:42","guid":{"rendered":"http:\/\/dev.iuvare-muenchen.de\/business-consulting\/"},"modified":"2023-06-01T16:02:20","modified_gmt":"2023-06-01T14:02:20","slug":"business-consulting","status":"publish","type":"page","link":"https:\/\/iuvare-muenchen.de\/en\/business-consulting\/","title":{"rendered":"Business Consulting"},"content":{"rendered":"<p><div class=\"fusion-fullwidth fullwidth-box fusion-builder-row-1 fusion-flex-container has-pattern-background has-mask-background fusion-parallax-none nonhundred-percent-fullwidth non-hundred-percent-height-scrolling\" style=\"--awb-background-blend-mode:darken;--awb-border-radius-top-left:0px;--awb-border-radius-top-right:0px;--awb-border-radius-bottom-right:0px;--awb-border-radius-bottom-left:0px;--awb-padding-top:200px;--awb-padding-bottom:200px;--awb-background-color:rgba(17,34,78,0.26);--awb-background-image:url(&quot;https:\/\/iuvare-muenchen.de\/wp-content\/uploads\/2023\/05\/BWL-Beratung-iuvare.jpg&quot;);--awb-background-size:cover;\" ><div class=\"fusion-builder-row fusion-row fusion-flex-align-items-flex-start\" style=\"max-width:1248px;margin-left: calc(-4% \/ 2 );margin-right: calc(-4% \/ 2 );\"><\/div><\/div><div class=\"fusion-fullwidth fullwidth-box fusion-builder-row-2 fusion-flex-container has-pattern-background has-mask-background nonhundred-percent-fullwidth non-hundred-percent-height-scrolling\" style=\"--awb-border-radius-top-left:0px;--awb-border-radius-top-right:0px;--awb-border-radius-bottom-right:0px;--awb-border-radius-bottom-left:0px;--awb-padding-right:25%;--awb-padding-left:25%;--awb-padding-top-small:15px;--awb-padding-right-small:20px;--awb-padding-left-small:21px;--awb-margin-top:5%;\" ><div class=\"fusion-builder-row fusion-row fusion-flex-align-items-flex-start\" style=\"max-width:1248px;margin-left: calc(-4% \/ 2 );margin-right: calc(-4% \/ 2 );\"><div class=\"fusion-layout-column fusion_builder_column fusion-builder-column-0 fusion_builder_column_1_1 1_1 fusion-flex-column\" style=\"--awb-bg-color:var(--awb-color1);--awb-bg-color-hover:var(--awb-color1);--awb-bg-size:cover;--awb-width-large:100%;--awb-margin-top-large:0px;--awb-spacing-right-large:1.92%;--awb-margin-bottom-large:20px;--awb-spacing-left-large:1.92%;--awb-width-medium:100%;--awb-order-medium:0;--awb-spacing-right-medium:1.92%;--awb-spacing-left-medium:1.92%;--awb-width-small:100%;--awb-order-small:0;--awb-spacing-right-small:8.448%;--awb-spacing-left-small:9.984%;\"><div class=\"fusion-column-wrapper fusion-column-has-shadow fusion-flex-justify-content-flex-start fusion-content-layout-column\"><div class=\"fusion-title title fusion-title-1 fusion-sep-none fusion-title-center fusion-title-text fusion-title-size-two overlapping-headline\" style=\"--awb-margin-bottom:-2%;--awb-sep-color:var(--awb-color2);\"><h2 class=\"title-heading-center\" style=\"margin:0;\">Business Consulting<\/h2><\/div><div class=\"fusion-image-element \" style=\"text-align:center;--awb-margin-bottom:1%;--awb-caption-title-font-family:var(--h2_typography-font-family);--awb-caption-title-font-weight:var(--h2_typography-font-weight);--awb-caption-title-font-style:var(--h2_typography-font-style);--awb-caption-title-size:var(--h2_typography-font-size);--awb-caption-title-transform:var(--h2_typography-text-transform);--awb-caption-title-line-height:var(--h2_typography-line-height);--awb-caption-title-letter-spacing:var(--h2_typography-letter-spacing);--awb-filter:opacity(80%);--awb-filter-transition:filter 0.3s ease;--awb-filter-hover:opacity(100%);\"><span class=\" fusion-imageframe imageframe-none imageframe-1 hover-type-none\" class=\"image-magnify\" class=\"image-scroll\"><img decoding=\"async\" width=\"500\" height=\"27\" title=\"marker-line-orange_500px\" src=\"https:\/\/iuvare-muenchen.de\/wp-content\/uploads\/2023\/03\/marker-line-orange_500px.png\" alt class=\"img-responsive wp-image-986\" srcset=\"https:\/\/iuvare-muenchen.de\/wp-content\/uploads\/2023\/03\/marker-line-orange_500px-200x11.png 200w, https:\/\/iuvare-muenchen.de\/wp-content\/uploads\/2023\/03\/marker-line-orange_500px-400x22.png 400w, https:\/\/iuvare-muenchen.de\/wp-content\/uploads\/2023\/03\/marker-line-orange_500px.png 500w\" sizes=\"(max-width: 640px) 100vw, 500px\" \/><\/span><\/div><\/div><\/div><div class=\"fusion-layout-column fusion_builder_column fusion-builder-column-1 fusion_builder_column_1_1 1_1 fusion-flex-column\" style=\"--awb-padding-right-small:3px;--awb-padding-left-small:0px;--awb-bg-size:cover;--awb-width-large:100%;--awb-margin-top-large:0px;--awb-spacing-right-large:1.92%;--awb-margin-bottom-large:20px;--awb-spacing-left-large:1.92%;--awb-width-medium:100%;--awb-order-medium:0;--awb-spacing-right-medium:1.92%;--awb-spacing-left-medium:1.92%;--awb-width-small:100%;--awb-order-small:0;--awb-spacing-right-small:2.592%;--awb-spacing-left-small:2.4%;\"><div class=\"fusion-column-wrapper fusion-column-has-shadow fusion-flex-justify-content-flex-start fusion-content-layout-column\"><div class=\"fusion-text fusion-text-1\"><p style=\"text-align: center;\">You will find examples for business support iuvare is offering. They reflect a condensate of long haul professional management practice, developed and executed in the \u201cGerman Mittelstand\u201d as well as in large scale enterprises. Elaborating and execution of solutions always include the people involved in the matter based on psychodynamic insights. This approach has shown to improve acceptance and sustainability of the measure to be implemented. Please call for tasks and opportunities not listed here.<\/p>\n<\/div><\/div><\/div><\/div><\/div><div class=\"fusion-fullwidth fullwidth-box fusion-builder-row-3 fusion-flex-container has-pattern-background has-mask-background hundred-percent-fullwidth non-hundred-percent-height-scrolling\" style=\"--awb-border-radius-top-left:0px;--awb-border-radius-top-right:0px;--awb-border-radius-bottom-right:0px;--awb-border-radius-bottom-left:0px;--awb-padding-right:10%;--awb-padding-left:10%;--awb-margin-top:2%;\" ><div class=\"fusion-builder-row fusion-row fusion-flex-align-items-flex-start\" style=\"width:104% !important;max-width:104% !important;margin-left: calc(-4% \/ 2 );margin-right: calc(-4% \/ 2 );\"><div class=\"fusion-layout-column fusion_builder_column fusion-builder-column-2 fusion_builder_column_1_3 1_3 fusion-flex-column fusion-flex-align-self-flex-start\" style=\"--awb-bg-color:var(--awb-color1);--awb-bg-color-hover:var(--awb-color1);--awb-bg-size:cover;--awb-border-color:var(--awb-color6);--awb-border-style:solid;--awb-width-large:33.3333333333%;--awb-margin-top-large:0px;--awb-spacing-right-large:14.4%;--awb-margin-bottom-large:20px;--awb-spacing-left-large:0;--awb-width-medium:33.3333333333%;--awb-order-medium:0;--awb-spacing-right-medium:14.4%;--awb-spacing-left-medium:0;--awb-width-small:100%;--awb-order-small:0;--awb-spacing-right-small:1.92%;--awb-spacing-left-small:1.92%;\"><div class=\"fusion-column-wrapper fusion-column-has-shadow fusion-flex-justify-content-flex-start fusion-content-layout-column\"><div class=\"fusion-title title fusion-title-2 fusion-sep-none fusion-title-text fusion-title-size-three\" style=\"--awb-text-color:var(--awb-color2);--awb-sep-color:var(--awb-color2);--awb-font-size:24px;\"><h3 class=\"title-heading-left\" style=\"font-family:&quot;MyNerve&quot;;font-style:normal;font-weight:400;margin:0;font-size:1em;text-transform:uppercase;\">Increase transparency for your business<\/h3><\/div><div class=\"fusion-text fusion-text-2\" style=\"--awb-font-size:18px;--awb-text-color:var(--awb-color5);--awb-text-font-family:&quot;Rubik&quot;;--awb-text-font-style:normal;--awb-text-font-weight:400;\"><p>Implementation of cost accounting systems for products, projects and cost centers<\/p>\n<p>Setting up Profit centers and control them individually<\/p>\n<p>Implementation of KPI systems<\/p>\n<\/div><\/div><\/div><div class=\"fusion-layout-column fusion_builder_column fusion-builder-column-3 fusion_builder_column_1_3 1_3 fusion-flex-column fusion-flex-align-self-flex-start\" style=\"--awb-bg-color:var(--awb-color1);--awb-bg-color-hover:var(--awb-color1);--awb-bg-size:cover;--awb-border-color:var(--awb-color6);--awb-border-style:solid;--awb-width-large:33.3333333333%;--awb-margin-top-large:0px;--awb-spacing-right-large:14.4%;--awb-margin-bottom-large:20px;--awb-spacing-left-large:0;--awb-width-medium:33.3333333333%;--awb-order-medium:0;--awb-spacing-right-medium:14.4%;--awb-spacing-left-medium:0;--awb-width-small:100%;--awb-order-small:0;--awb-spacing-right-small:1.92%;--awb-spacing-left-small:1.92%;\"><div class=\"fusion-column-wrapper fusion-column-has-shadow fusion-flex-justify-content-flex-start fusion-content-layout-column\"><div class=\"fusion-title title fusion-title-3 fusion-sep-none fusion-title-text fusion-title-size-three\" style=\"--awb-text-color:var(--awb-color2);--awb-sep-color:var(--awb-color2);--awb-font-size:24px;\"><h3 class=\"title-heading-left\" style=\"font-family:&quot;MyNerve&quot;;font-style:normal;font-weight:400;margin:0;font-size:1em;text-transform:uppercase;\">Reorganiszation<\/h3><\/div><div class=\"fusion-text fusion-text-3\" style=\"--awb-font-size:18px;--awb-text-color:var(--awb-color5);--awb-text-font-family:&quot;Rubik&quot;;--awb-text-font-style:normal;--awb-text-font-weight:400;\"><p style=\"text-align: left;\">Elaborate and implement measures to improve efficiency<\/p>\n<p style=\"text-align: left;\">Improve design of processes and structures to gain momentum<\/p>\n<\/div><\/div><\/div><div class=\"fusion-layout-column fusion_builder_column fusion-builder-column-4 fusion_builder_column_1_3 1_3 fusion-flex-column fusion-flex-align-self-flex-start\" style=\"--awb-bg-color:var(--awb-color1);--awb-bg-color-hover:var(--awb-color1);--awb-bg-size:cover;--awb-border-color:var(--awb-color6);--awb-border-style:solid;--awb-width-large:33.3333333333%;--awb-margin-top-large:0px;--awb-spacing-right-large:14.4%;--awb-margin-bottom-large:20px;--awb-spacing-left-large:0;--awb-width-medium:33.3333333333%;--awb-order-medium:0;--awb-spacing-right-medium:14.4%;--awb-spacing-left-medium:0;--awb-width-small:100%;--awb-order-small:0;--awb-spacing-right-small:1.92%;--awb-spacing-left-small:1.92%;\"><div class=\"fusion-column-wrapper fusion-column-has-shadow fusion-flex-justify-content-flex-start fusion-content-layout-column\"><div class=\"fusion-title title fusion-title-4 fusion-sep-none fusion-title-text fusion-title-size-three\" style=\"--awb-text-color:var(--awb-color2);--awb-sep-color:var(--awb-color6);--awb-font-size:24px;\"><h3 class=\"title-heading-left\" style=\"font-family:&quot;MyNerve&quot;;font-style:normal;font-weight:400;margin:0;font-size:1em;text-transform:uppercase;\">Start- up Coaching<\/h3><\/div><div class=\"fusion-text fusion-text-4\" style=\"--awb-font-size:18px;--awb-text-color:var(--awb-color5);--awb-text-font-family:&quot;Rubik&quot;;--awb-text-font-style:normal;--awb-text-font-weight:400;\"><p>Train your team in basics for business management and control<\/p>\n<p>Support in the developing of business cases<\/p>\n<p>Financial planning and treasury support to secure your business liquidity<\/p>\n<p>Leadership and team coaching<\/p>\n<\/div><\/div><\/div><\/div><\/div><div class=\"fusion-fullwidth fullwidth-box fusion-builder-row-4 fusion-flex-container has-pattern-background has-mask-background hundred-percent-fullwidth non-hundred-percent-height-scrolling\" style=\"--awb-border-radius-top-left:0px;--awb-border-radius-top-right:0px;--awb-border-radius-bottom-right:0px;--awb-border-radius-bottom-left:0px;--awb-padding-right:10%;--awb-padding-left:10%;\" ><div class=\"fusion-builder-row fusion-row fusion-flex-align-items-flex-start\" style=\"width:104% !important;max-width:104% !important;margin-left: calc(-4% \/ 2 );margin-right: calc(-4% \/ 2 );\"><div class=\"fusion-layout-column fusion_builder_column fusion-builder-column-5 fusion_builder_column_1_3 1_3 fusion-flex-column fusion-flex-align-self-flex-start\" style=\"--awb-bg-color:var(--awb-color1);--awb-bg-color-hover:var(--awb-color1);--awb-bg-size:cover;--awb-border-color:var(--awb-color6);--awb-border-style:solid;--awb-width-large:33.3333333333%;--awb-margin-top-large:0px;--awb-spacing-right-large:14.4%;--awb-margin-bottom-large:20px;--awb-spacing-left-large:0;--awb-width-medium:33.3333333333%;--awb-order-medium:0;--awb-spacing-right-medium:14.4%;--awb-spacing-left-medium:0;--awb-width-small:100%;--awb-order-small:0;--awb-spacing-right-small:1.92%;--awb-spacing-left-small:1.92%;\"><div class=\"fusion-column-wrapper fusion-column-has-shadow fusion-flex-justify-content-flex-start fusion-content-layout-column\"><div class=\"fusion-title title fusion-title-5 fusion-sep-none fusion-title-text fusion-title-size-three\" style=\"--awb-text-color:var(--awb-color2);--awb-sep-color:var(--awb-color2);--awb-font-size:24px;\"><h3 class=\"title-heading-left\" style=\"font-family:&quot;MyNerve&quot;;font-style:normal;font-weight:400;margin:0;font-size:1em;text-transform:uppercase;\">Sarbanes Oxley<\/h3><\/div><div class=\"fusion-text fusion-text-5\" style=\"--awb-font-size:18px;--awb-text-color:var(--awb-color5);--awb-text-font-family:&quot;Rubik&quot;;--awb-text-font-style:normal;--awb-text-font-weight:400;\"><p>Introduction into this methodology<\/p>\n<p>Implementation of SOX for your entire organization<\/p>\n<p>Training of your teams<\/p>\n<p>Making your organization ready for external audits<\/p>\n<\/div><\/div><\/div><div class=\"fusion-layout-column fusion_builder_column fusion-builder-column-6 fusion_builder_column_1_3 1_3 fusion-flex-column fusion-flex-align-self-flex-start\" style=\"--awb-bg-color:var(--awb-color1);--awb-bg-color-hover:var(--awb-color1);--awb-bg-size:cover;--awb-border-color:var(--awb-color6);--awb-border-style:solid;--awb-width-large:33.3333333333%;--awb-margin-top-large:0px;--awb-spacing-right-large:14.4%;--awb-margin-bottom-large:20px;--awb-spacing-left-large:0;--awb-width-medium:33.3333333333%;--awb-order-medium:0;--awb-spacing-right-medium:14.4%;--awb-spacing-left-medium:0;--awb-width-small:100%;--awb-order-small:0;--awb-spacing-right-small:1.92%;--awb-spacing-left-small:1.92%;\"><div class=\"fusion-column-wrapper fusion-column-has-shadow fusion-flex-justify-content-flex-start fusion-content-layout-column\"><div class=\"fusion-title title fusion-title-6 fusion-sep-none fusion-title-text fusion-title-size-three\" style=\"--awb-text-color:var(--awb-color2);--awb-sep-color:var(--awb-color2);--awb-font-size:24px;\"><h3 class=\"title-heading-left\" style=\"font-family:&quot;MyNerve&quot;;font-style:normal;font-weight:400;margin:0;font-size:1em;text-transform:uppercase;\">Support in German GAAP Audits<\/h3><\/div><div class=\"fusion-text fusion-text-6\" style=\"--awb-font-size:18px;--awb-text-color:var(--awb-color5);--awb-text-font-family:&quot;Rubik&quot;;--awb-text-font-style:normal;--awb-text-font-weight:400;\"><p>Support in Year-end closing preparation<\/p>\n<p>Focus your finance team on audit relevant questions<\/p>\n<\/div><\/div><\/div><div class=\"fusion-layout-column fusion_builder_column fusion-builder-column-7 fusion_builder_column_1_3 1_3 fusion-flex-column fusion-flex-align-self-flex-start\" style=\"--awb-bg-color:var(--awb-color1);--awb-bg-color-hover:var(--awb-color1);--awb-bg-size:cover;--awb-border-color:var(--awb-color6);--awb-border-style:solid;--awb-width-large:33.3333333333%;--awb-margin-top-large:0px;--awb-spacing-right-large:14.4%;--awb-margin-bottom-large:20px;--awb-spacing-left-large:0;--awb-width-medium:33.3333333333%;--awb-order-medium:0;--awb-spacing-right-medium:14.4%;--awb-spacing-left-medium:0;--awb-width-small:100%;--awb-order-small:0;--awb-spacing-right-small:1.92%;--awb-spacing-left-small:1.92%;\"><div class=\"fusion-column-wrapper fusion-column-has-shadow fusion-flex-justify-content-flex-start fusion-content-layout-column\"><div class=\"fusion-title title fusion-title-7 fusion-sep-none fusion-title-text fusion-title-size-three\" style=\"--awb-text-color:var(--awb-color2);--awb-sep-color:var(--awb-color2);--awb-font-size:24px;\"><h3 class=\"title-heading-left\" style=\"font-family:&quot;MyNerve&quot;;font-style:normal;font-weight:400;margin:0;font-size:1em;text-transform:uppercase;\">M&amp;A Projects<\/h3><\/div><div class=\"fusion-text fusion-text-7\" style=\"--awb-font-size:18px;--awb-text-color:var(--awb-color5);--awb-text-font-family:&quot;Rubik&quot;;--awb-text-font-style:normal;--awb-text-font-weight:400;\"><p>Due diligence support (buyer or seller side)<\/p>\n<p>Moderation and mediation between parties<\/p>\n<p>Support in preparation, maintenance and control of the data room content<\/p>\n<p>Post merger integration support: structures and processes, synchronization of reporting systems, GAAP adjustments,\u2026<\/p>\n<\/div><\/div><\/div><\/div><\/div><div class=\"fusion-fullwidth fullwidth-box fusion-builder-row-5 fusion-flex-container has-pattern-background has-mask-background hundred-percent-fullwidth non-hundred-percent-height-scrolling\" style=\"--awb-border-radius-top-left:0px;--awb-border-radius-top-right:0px;--awb-border-radius-bottom-right:0px;--awb-border-radius-bottom-left:0px;--awb-padding-right:10%;--awb-padding-left:10%;--awb-margin-bottom:10%;\" ><div class=\"fusion-builder-row fusion-row fusion-flex-align-items-flex-start\" style=\"width:104% !important;max-width:104% !important;margin-left: calc(-4% \/ 2 );margin-right: calc(-4% \/ 2 );\"><div class=\"fusion-layout-column fusion_builder_column fusion-builder-column-8 fusion_builder_column_1_3 1_3 fusion-flex-column fusion-flex-align-self-flex-start\" style=\"--awb-bg-color:var(--awb-color1);--awb-bg-color-hover:var(--awb-color1);--awb-bg-size:cover;--awb-border-color:var(--awb-color6);--awb-border-style:solid;--awb-width-large:33.3333333333%;--awb-margin-top-large:0px;--awb-spacing-right-large:14.4%;--awb-margin-bottom-large:20px;--awb-spacing-left-large:0;--awb-width-medium:33.3333333333%;--awb-order-medium:0;--awb-spacing-right-medium:14.4%;--awb-spacing-left-medium:0;--awb-width-small:100%;--awb-order-small:0;--awb-spacing-right-small:1.92%;--awb-spacing-left-small:1.92%;\"><div class=\"fusion-column-wrapper fusion-column-has-shadow fusion-flex-justify-content-flex-start fusion-content-layout-column\"><div class=\"fusion-title title fusion-title-8 fusion-sep-none fusion-title-text fusion-title-size-three\" style=\"--awb-text-color:var(--awb-color2);--awb-sep-color:var(--awb-color2);--awb-font-size:24px;\"><h3 class=\"title-heading-left\" style=\"font-family:&quot;MyNerve&quot;;font-style:normal;font-weight:400;margin:0;font-size:1em;text-transform:uppercase;\">Other<\/h3><\/div><div class=\"fusion-text fusion-text-8\" style=\"--awb-font-size:18px;--awb-text-color:var(--awb-color5);--awb-text-font-family:&quot;Rubik&quot;;--awb-text-font-style:normal;--awb-text-font-weight:400;\"><p>Please contact us directly for further opportunities.<\/p>\n<\/div><\/div><\/div><\/div><\/div><\/p>\n","protected":false},"excerpt":{"rendered":"","protected":false},"author":1,"featured_media":0,"parent":0,"menu_order":0,"comment_status":"closed","ping_status":"closed","template":"100-width.php","meta":{"footnotes":""},"class_list":["post-1016","page","type-page","status-publish","hentry"],"yoast_head":"<!-- This site is optimized with the Yoast SEO plugin v20.9 - https:\/\/yoast.com\/wordpress\/plugins\/seo\/ -->\n<title>Business Consulting | iuvare M\u00fcnchen<\/title>\n<meta name=\"robots\" content=\"index, follow, max-snippet:-1, max-image-preview:large, max-video-preview:-1\" \/>\n<link rel=\"canonical\" href=\"https:\/\/iuvare-muenchen.de\/en\/business-consulting\/\" \/>\n<meta property=\"og:locale\" content=\"en_US\" \/>\n<meta property=\"og:type\" content=\"article\" \/>\n<meta property=\"og:title\" content=\"Business Consulting | iuvare M\u00fcnchen\" \/>\n<meta property=\"og:url\" content=\"https:\/\/iuvare-muenchen.de\/en\/business-consulting\/\" \/>\n<meta property=\"og:site_name\" content=\"iuvare M\u00fcnchen\" \/>\n<meta property=\"article:modified_time\" content=\"2023-06-01T14:02:20+00:00\" \/>\n<meta name=\"twitter:card\" content=\"summary_large_image\" \/>\n<meta name=\"twitter:label1\" content=\"Est. reading time\" \/>\n\t<meta name=\"twitter:data1\" content=\"11 minutes\" \/>\n<script type=\"application\/ld+json\" class=\"yoast-schema-graph\">{\"@context\":\"https:\/\/schema.org\",\"@graph\":[{\"@type\":\"WebPage\",\"@id\":\"https:\/\/iuvare-muenchen.de\/en\/business-consulting\/\",\"url\":\"https:\/\/iuvare-muenchen.de\/en\/business-consulting\/\",\"name\":\"Business Consulting | iuvare M\u00fcnchen\",\"isPartOf\":{\"@id\":\"https:\/\/iuvare-muenchen.de\/en\/#website\"},\"datePublished\":\"2023-04-26T07:45:42+00:00\",\"dateModified\":\"2023-06-01T14:02:20+00:00\",\"breadcrumb\":{\"@id\":\"https:\/\/iuvare-muenchen.de\/en\/business-consulting\/#breadcrumb\"},\"inLanguage\":\"en-US\",\"potentialAction\":[{\"@type\":\"ReadAction\",\"target\":[\"https:\/\/iuvare-muenchen.de\/en\/business-consulting\/\"]}]},{\"@type\":\"BreadcrumbList\",\"@id\":\"https:\/\/iuvare-muenchen.de\/en\/business-consulting\/#breadcrumb\",\"itemListElement\":[{\"@type\":\"ListItem\",\"position\":1,\"name\":\"Startseite\",\"item\":\"https:\/\/iuvare-muenchen.de\/en\/\"},{\"@type\":\"ListItem\",\"position\":2,\"name\":\"Business Consulting\"}]},{\"@type\":\"WebSite\",\"@id\":\"https:\/\/iuvare-muenchen.de\/en\/#website\",\"url\":\"https:\/\/iuvare-muenchen.de\/en\/\",\"name\":\"iuvare M\u00fcnchen\",\"description\":\"F\u00fchren durch Ver\u00e4nderungen\",\"publisher\":{\"@id\":\"https:\/\/iuvare-muenchen.de\/en\/#\/schema\/person\/3c7f9a23ac363fa131a5704cf6df32b3\"},\"potentialAction\":[{\"@type\":\"SearchAction\",\"target\":{\"@type\":\"EntryPoint\",\"urlTemplate\":\"https:\/\/iuvare-muenchen.de\/en\/?s={search_term_string}\"},\"query-input\":\"required name=search_term_string\"}],\"inLanguage\":\"en-US\"},{\"@type\":[\"Person\",\"Organization\"],\"@id\":\"https:\/\/iuvare-muenchen.de\/en\/#\/schema\/person\/3c7f9a23ac363fa131a5704cf6df32b3\",\"name\":\"Manfred Zarnetzki\",\"image\":{\"@type\":\"ImageObject\",\"inLanguage\":\"en-US\",\"@id\":\"https:\/\/iuvare-muenchen.de\/en\/#\/schema\/person\/image\/\",\"url\":\"https:\/\/secure.gravatar.com\/avatar\/f33e1c190c8c070b7a1468e1c9be49c2d7eef595b7b76876cf2e6388791bfe31?s=96&d=mm&r=g\",\"contentUrl\":\"https:\/\/secure.gravatar.com\/avatar\/f33e1c190c8c070b7a1468e1c9be49c2d7eef595b7b76876cf2e6388791bfe31?s=96&d=mm&r=g\",\"caption\":\"Manfred Zarnetzki\"},\"logo\":{\"@id\":\"https:\/\/iuvare-muenchen.de\/en\/#\/schema\/person\/image\/\"}}]}<\/script>\n<!-- \/ Yoast SEO plugin. -->","yoast_head_json":{"title":"Business Consulting | iuvare M\u00fcnchen","robots":{"index":"index","follow":"follow","max-snippet":"max-snippet:-1","max-image-preview":"max-image-preview:large","max-video-preview":"max-video-preview:-1"},"canonical":"https:\/\/iuvare-muenchen.de\/en\/business-consulting\/","og_locale":"en_US","og_type":"article","og_title":"Business Consulting | iuvare M\u00fcnchen","og_url":"https:\/\/iuvare-muenchen.de\/en\/business-consulting\/","og_site_name":"iuvare M\u00fcnchen","article_modified_time":"2023-06-01T14:02:20+00:00","twitter_card":"summary_large_image","twitter_misc":{"Est. reading time":"11 minutes"},"schema":{"@context":"https:\/\/schema.org","@graph":[{"@type":"WebPage","@id":"https:\/\/iuvare-muenchen.de\/en\/business-consulting\/","url":"https:\/\/iuvare-muenchen.de\/en\/business-consulting\/","name":"Business Consulting | iuvare M\u00fcnchen","isPartOf":{"@id":"https:\/\/iuvare-muenchen.de\/en\/#website"},"datePublished":"2023-04-26T07:45:42+00:00","dateModified":"2023-06-01T14:02:20+00:00","breadcrumb":{"@id":"https:\/\/iuvare-muenchen.de\/en\/business-consulting\/#breadcrumb"},"inLanguage":"en-US","potentialAction":[{"@type":"ReadAction","target":["https:\/\/iuvare-muenchen.de\/en\/business-consulting\/"]}]},{"@type":"BreadcrumbList","@id":"https:\/\/iuvare-muenchen.de\/en\/business-consulting\/#breadcrumb","itemListElement":[{"@type":"ListItem","position":1,"name":"Startseite","item":"https:\/\/iuvare-muenchen.de\/en\/"},{"@type":"ListItem","position":2,"name":"Business Consulting"}]},{"@type":"WebSite","@id":"https:\/\/iuvare-muenchen.de\/en\/#website","url":"https:\/\/iuvare-muenchen.de\/en\/","name":"iuvare M\u00fcnchen","description":"F\u00fchren durch Ver\u00e4nderungen","publisher":{"@id":"https:\/\/iuvare-muenchen.de\/en\/#\/schema\/person\/3c7f9a23ac363fa131a5704cf6df32b3"},"potentialAction":[{"@type":"SearchAction","target":{"@type":"EntryPoint","urlTemplate":"https:\/\/iuvare-muenchen.de\/en\/?s={search_term_string}"},"query-input":"required name=search_term_string"}],"inLanguage":"en-US"},{"@type":["Person","Organization"],"@id":"https:\/\/iuvare-muenchen.de\/en\/#\/schema\/person\/3c7f9a23ac363fa131a5704cf6df32b3","name":"Manfred Zarnetzki","image":{"@type":"ImageObject","inLanguage":"en-US","@id":"https:\/\/iuvare-muenchen.de\/en\/#\/schema\/person\/image\/","url":"https:\/\/secure.gravatar.com\/avatar\/f33e1c190c8c070b7a1468e1c9be49c2d7eef595b7b76876cf2e6388791bfe31?s=96&d=mm&r=g","contentUrl":"https:\/\/secure.gravatar.com\/avatar\/f33e1c190c8c070b7a1468e1c9be49c2d7eef595b7b76876cf2e6388791bfe31?s=96&d=mm&r=g","caption":"Manfred Zarnetzki"},"logo":{"@id":"https:\/\/iuvare-muenchen.de\/en\/#\/schema\/person\/image\/"}}]}},"_links":{"self":[{"href":"https:\/\/iuvare-muenchen.de\/en\/wp-json\/wp\/v2\/pages\/1016","targetHints":{"allow":["GET"]}}],"collection":[{"href":"https:\/\/iuvare-muenchen.de\/en\/wp-json\/wp\/v2\/pages"}],"about":[{"href":"https:\/\/iuvare-muenchen.de\/en\/wp-json\/wp\/v2\/types\/page"}],"author":[{"embeddable":true,"href":"https:\/\/iuvare-muenchen.de\/en\/wp-json\/wp\/v2\/users\/1"}],"replies":[{"embeddable":true,"href":"https:\/\/iuvare-muenchen.de\/en\/wp-json\/wp\/v2\/comments?post=1016"}],"version-history":[{"count":10,"href":"https:\/\/iuvare-muenchen.de\/en\/wp-json\/wp\/v2\/pages\/1016\/revisions"}],"predecessor-version":[{"id":1220,"href":"https:\/\/iuvare-muenchen.de\/en\/wp-json\/wp\/v2\/pages\/1016\/revisions\/1220"}],"wp:attachment":[{"href":"https:\/\/iuvare-muenchen.de\/en\/wp-json\/wp\/v2\/media?parent=1016"}],"curies":[{"name":"wp","href":"https:\/\/api.w.org\/{rel}","templated":true}]}}